{"id":1287,"date":"2022-02-08T18:59:35","date_gmt":"2022-02-08T17:59:35","guid":{"rendered":"https:\/\/versailles-philatelie.rd4u.net\/?page_id=1287"},"modified":"2022-04-21T14:22:21","modified_gmt":"2022-04-21T12:22:21","slug":"mentions-legales","status":"publish","type":"page","link":"https:\/\/versailles-philatelie.com\/en\/mentions-legales\/","title":{"rendered":"Mentions L\u00e9gales"},"content":{"rendered":"<p>Le site www.versailles-philatelie.com est \u00e9dit\u00e9 par :<br>Philippe H\u00e9droug : 5, rue de la Paroisse &#8211; 78000 Versailles<\/p>\n\n\n\n<p>Num\u00e9ro de SIRET : 449 446 947 000 29<\/p>\n\n\n\n<p>Responsable de Publication : Philippe H\u00e9droug<\/p>\n\n\n\n<p>Date de Cr\u00e9ation : 01\/07\/2003<\/p>\n\n\n\n<p>T\u00e9l\u00e9phone : 01 39 25 03 59<\/p>\n\n\n\n<p>H\u00e9bergement : Ce site Internet est h\u00e9berg\u00e9 par la soci\u00e9t\u00e9 o2switch, 222-224 Boulevard Gustave Flaubert 63000 Clermont-Ferrand, Capital de 100 000 euros, Siret : 510 909 80700024.<\/p>\n\n\n\n<p>Conditions d&rsquo;utilisation du site Internetwww.versailles-philatelie.com<\/p>\n\n\n\n<p>Le site et chacun des \u00e9l\u00e9ments, les logos, ic\u00f4nes, infographies, photographies, qui le composent sont prot\u00e9g\u00e9s au titre de la l\u00e9gislation internationale de la propri\u00e9t\u00e9 intellectuelle. Toute utilisation, reproduction ou repr\u00e9sentation, n&rsquo;est pas autoris\u00e9e sans l&rsquo;accord de Philippe H\u00e9droug.<\/p>","protected":false},"excerpt":{"rendered":"<p>Le site www.versailles-philatelie.com est \u00e9dit\u00e9 par :Philippe H\u00e9droug : 5, rue de la Paroisse &#8211; 78000 Versailles Num\u00e9ro de SIRET : 449 446 947 000 29 Responsable de Publication : Philippe H\u00e9droug Date de Cr\u00e9ation : 01\/07\/2003 T\u00e9l\u00e9phone : 01 39 25 03 59 H\u00e9bergement : Ce site Internet est h\u00e9berg\u00e9 par la soci\u00e9t\u00e9 o2switch, [&hellip;]<\/p>","protected":false},"author":2,"featured_media":0,"parent":0,"menu_order":0,"comment_status":"closed","ping_status":"closed","template":"","meta":{"slim_seo":{"noindex":"1","title":"Mentions L\u00e9gales - Versailles Philat\u00e9lie","description":"Le site www.versailles-philatelie.com est \u00e9dit\u00e9 par : Philippe H\u00e9droug : 5, rue de la Paroisse - 78000 Versailles Num\u00e9ro de SIRET : 449 446 947 000 29 Responsab"},"iawp_total_views":30,"footnotes":""},"class_list":["post-1287","page","type-page","status-publish","hentry"],"_links":{"self":[{"href":"https:\/\/versailles-philatelie.com\/en\/wp-json\/wp\/v2\/pages\/1287","targetHints":{"allow":["GET"]}}],"collection":[{"href":"https:\/\/versailles-philatelie.com\/en\/wp-json\/wp\/v2\/pages"}],"about":[{"href":"https:\/\/versailles-philatelie.com\/en\/wp-json\/wp\/v2\/types\/page"}],"author":[{"embeddable":true,"href":"https:\/\/versailles-philatelie.com\/en\/wp-json\/wp\/v2\/users\/2"}],"replies":[{"embeddable":true,"href":"https:\/\/versailles-philatelie.com\/en\/wp-json\/wp\/v2\/comments?post=1287"}],"version-history":[{"count":0,"href":"https:\/\/versailles-philatelie.com\/en\/wp-json\/wp\/v2\/pages\/1287\/revisions"}],"wp:attachment":[{"href":"https:\/\/versailles-philatelie.com\/en\/wp-json\/wp\/v2\/media?parent=1287"}],"curies":[{"name":"wp","href":"https:\/\/api.w.org\/{rel}","templated":true}]}}