{"id":130,"date":"2021-05-12T02:36:53","date_gmt":"2021-05-12T02:36:53","guid":{"rendered":"https:\/\/versailles-philatelie.rd4u.net\/home\/"},"modified":"2023-06-14T15:57:38","modified_gmt":"2023-06-14T13:57:38","slug":"home","status":"publish","type":"page","link":"https:\/\/versailles-philatelie.com\/en\/","title":{"rendered":"Home"},"content":{"rendered":"<div data-elementor-type=\"wp-page\" data-elementor-id=\"130\" class=\"elementor elementor-130\" data-elementor-post-type=\"page\">\n\t\t\t\t\t\t<section class=\"elementor-section elementor-top-section elementor-element elementor-element-f55581d elementor-section-height-min-height elementor-section-boxed elementor-section-height-default elementor-section-items-middle\" data-id=\"f55581d\" data-element_type=\"section\" data-settings=\"{&quot;background_background&quot;:&quot;classic&quot;}\">\n\t\t\t\t\t\t\t<div class=\"elementor-background-overlay\"><\/div>\n\t\t\t\t\t\t\t<div class=\"elementor-container elementor-column-gap-no\">\n\t\t\t\t\t<div class=\"elementor-column elementor-col-100 elementor-top-column elementor-element elementor-element-9da8eb8\" data-id=\"9da8eb8\" data-element_type=\"column\">\n\t\t\t<div class=\"elementor-widget-wrap elementor-element-populated\">\n\t\t\t\t\t\t<div class=\"elementor-element elementor-element-408a4f4 elementor-widget-divider--view-line_text elementor-widget-divider--element-align-right elementor-widget elementor-widget-divider\" data-id=\"408a4f4\" data-element_type=\"widget\" data-widget_type=\"divider.default\">\n\t\t\t\t<div class=\"elementor-widget-container\">\n\t\t\t\t\t\t\t<div class=\"elementor-divider\">\n\t\t\t<span class=\"elementor-divider-separator\">\n\t\t\t\t\t\t\t<h6 class=\"elementor-divider__text elementor-divider__element\">\n\t\t\t\tStamp specialist in Versailles\t\t\t\t<\/h6>\n\t\t\t\t\t\t<\/span>\n\t\t<\/div>\n\t\t\t\t\t\t<\/div>\n\t\t\t\t<\/div>\n\t\t\t\t<div class=\"elementor-element elementor-element-ca86f67 elementor-widget elementor-widget-heading\" data-id=\"ca86f67\" data-element_type=\"widget\" data-widget_type=\"heading.default\">\n\t\t\t\t<div class=\"elementor-widget-container\">\n\t\t\t\t\t<h1 class=\"elementor-heading-title elementor-size-default\">Stamps <em>&amp;<\/em> Coins<\/h1>\t\t\t\t<\/div>\n\t\t\t\t<\/div>\n\t\t\t\t<div class=\"elementor-element elementor-element-28b6915 elementor-widget elementor-widget-heading\" data-id=\"28b6915\" data-element_type=\"widget\" data-widget_type=\"heading.default\">\n\t\t\t\t<div class=\"elementor-widget-container\">\n\t\t\t\t\t<h1 class=\"elementor-heading-title elementor-size-default\">Material <span class=\"vp-txt-reduit\">all collections<\/span><\/h1>\t\t\t\t<\/div>\n\t\t\t\t<\/div>\n\t\t\t\t<div class=\"elementor-element elementor-element-3f9dc72 elementor-widget elementor-widget-button\" data-id=\"3f9dc72\" data-element_type=\"widget\" data-widget_type=\"button.default\">\n\t\t\t\t<div class=\"elementor-widget-container\">\n\t\t\t\t\t\t\t\t\t<div class=\"elementor-button-wrapper\">\n\t\t\t\t\t<a class=\"elementor-button elementor-button-link elementor-size-sm\" href=\"https:\/\/versailles-philatelie.com\/en\/contact\/\">\n\t\t\t\t\t\t<span class=\"elementor-button-content-wrapper\">\n\t\t\t\t\t\t\t\t\t<span class=\"elementor-button-text\">View our promotions<\/span>\n\t\t\t\t\t<\/span>\n\t\t\t\t\t<\/a>\n\t\t\t\t<\/div>\n\t\t\t\t\t\t\t\t<\/div>\n\t\t\t\t<\/div>\n\t\t\t\t\t<\/div>\n\t\t<\/div>\n\t\t\t\t\t<\/div>\n\t\t<\/section>\n\t\t\t\t<section class=\"elementor-section elementor-top-section elementor-element elementor-element-ec4d93c elementor-section-boxed elementor-section-height-default elementor-section-height-default\" data-id=\"ec4d93c\" data-element_type=\"section\">\n\t\t\t\t\t\t<div class=\"elementor-container elementor-column-gap-no\">\n\t\t\t\t\t<div class=\"elementor-column elementor-col-50 elementor-top-column elementor-element elementor-element-160b6f9\" data-id=\"160b6f9\" data-element_type=\"column\">\n\t\t\t<div class=\"elementor-widget-wrap elementor-element-populated\">\n\t\t\t\t\t\t<div class=\"elementor-element elementor-element-7d8d4f0 elementor-widget elementor-widget-heading\" data-id=\"7d8d4f0\" data-element_type=\"widget\" data-widget_type=\"heading.default\">\n\t\t\t\t<div class=\"elementor-widget-container\">\n\t\t\t\t\t<h6 class=\"elementor-heading-title elementor-size-default\">About<\/h6>\t\t\t\t<\/div>\n\t\t\t\t<\/div>\n\t\t\t\t<div class=\"elementor-element elementor-element-3e7e8ea elementor-widget elementor-widget-heading\" data-id=\"3e7e8ea\" data-element_type=\"widget\" data-widget_type=\"heading.default\">\n\t\t\t\t<div class=\"elementor-widget-container\">\n\t\t\t\t\t<h2 class=\"elementor-heading-title elementor-size-default\">Sp\u00e9cialiste du <br> Timbre \u00e0 Versailles\n<\/h2>\t\t\t\t<\/div>\n\t\t\t\t<\/div>\n\t\t\t\t<div class=\"elementor-element elementor-element-0e6af09 elementor-widget-divider--view-line elementor-widget elementor-widget-divider\" data-id=\"0e6af09\" data-element_type=\"widget\" data-widget_type=\"divider.default\">\n\t\t\t\t<div class=\"elementor-widget-container\">\n\t\t\t\t\t\t\t<div class=\"elementor-divider\">\n\t\t\t<span class=\"elementor-divider-separator\">\n\t\t\t\t\t\t<\/span>\n\t\t<\/div>\n\t\t\t\t\t\t<\/div>\n\t\t\t\t<\/div>\n\t\t\t\t\t<\/div>\n\t\t<\/div>\n\t\t\t\t<div class=\"elementor-column elementor-col-50 elementor-top-column elementor-element elementor-element-99b47d5\" data-id=\"99b47d5\" data-element_type=\"column\">\n\t\t\t<div class=\"elementor-widget-wrap elementor-element-populated\">\n\t\t\t\t\t\t<div class=\"elementor-element elementor-element-8615391 elementor-widget elementor-widget-text-editor\" data-id=\"8615391\" data-element_type=\"widget\" data-widget_type=\"text-editor.default\">\n\t\t\t\t<div class=\"elementor-widget-container\">\n\t\t\t\t\t\t\t\t\t<p>Nous vous accueillons \u00e0 notre magasin pour tout ce qui concerne les\u00a0:<br \/>Timbres, Monnaies et Mat\u00e9riel toutes collections.<br \/>Nous aurons plaisir \u00e0 vous conseiller sur ces diff\u00e9rents sur ces sujets.<br \/>Nous pourrons \u00e9galement pratiquer des estimations sur les timbres et les Monnaies\u00a0 \u00a0 \u00a0 \u00a0 <span style=\"text-decoration: underline;\"><em>et ceci, uniquement sur Rendez Vous.\u00a0<\/em><\/span><\/p>\t\t\t\t\t\t\t\t<\/div>\n\t\t\t\t<\/div>\n\t\t\t\t<div class=\"elementor-element elementor-element-e961e55 elementor-widget elementor-widget-text-editor\" data-id=\"e961e55\" data-element_type=\"widget\" data-widget_type=\"text-editor.default\">\n\t\t\t\t<div class=\"elementor-widget-container\">\n\t\t\t\t\t\t\t\t\t<p>Inscrivez vous afin de recevoir gratuitement nos nouvelles publications d\u00e8s leur parution.<\/p>\t\t\t\t\t\t\t\t<\/div>\n\t\t\t\t<\/div>\n\t\t\t\t\t<\/div>\n\t\t<\/div>\n\t\t\t\t\t<\/div>\n\t\t<\/section>\n\t\t\t\t<section class=\"elementor-section elementor-top-section elementor-element elementor-element-bd00c93 elementor-section-height-min-height elementor-section-boxed elementor-section-height-default elementor-section-items-middle\" data-id=\"bd00c93\" data-element_type=\"section\" data-settings=\"{&quot;background_background&quot;:&quot;classic&quot;}\">\n\t\t\t\t\t\t\t<div class=\"elementor-background-overlay\"><\/div>\n\t\t\t\t\t\t\t<div class=\"elementor-container elementor-column-gap-no\">\n\t\t\t\t\t<div class=\"elementor-column elementor-col-100 elementor-top-column elementor-element elementor-element-eb5e5ff\" data-id=\"eb5e5ff\" data-element_type=\"column\">\n\t\t\t<div class=\"elementor-widget-wrap elementor-element-populated\">\n\t\t\t\t\t\t<div class=\"elementor-element elementor-element-3b523ef elementor-view-default elementor-widget elementor-widget-icon\" data-id=\"3b523ef\" data-element_type=\"widget\" data-widget_type=\"icon.default\">\n\t\t\t\t<div class=\"elementor-widget-container\">\n\t\t\t\t\t\t\t<div class=\"elementor-icon-wrapper\">\n\t\t\t<div class=\"elementor-icon\">\n\t\t\t\t\t\t<\/div>\n\t\t<\/div>\n\t\t\t\t\t\t<\/div>\n\t\t\t\t<\/div>\n\t\t\t\t<div class=\"elementor-element elementor-element-b688db6 elementor-widget elementor-widget-heading\" data-id=\"b688db6\" data-element_type=\"widget\" data-widget_type=\"heading.default\">\n\t\t\t\t<div class=\"elementor-widget-container\">\n\t\t\t\t\t<h2 class=\"elementor-heading-title elementor-size-default\">Nous sommes sp\u00e9cialis\u00e9s dans la vente de timbres par correspondance depuis plus de 40 ans.<\/h2>\t\t\t\t<\/div>\n\t\t\t\t<\/div>\n\t\t\t\t<div class=\"elementor-element elementor-element-6a5c23c elementor-widget elementor-widget-heading\" data-id=\"6a5c23c\" data-element_type=\"widget\" data-widget_type=\"heading.default\">\n\t\t\t\t<div class=\"elementor-widget-container\">\n\t\t\t\t\t<h5 class=\"elementor-heading-title elementor-size-default\">Le G\u00e9rant : Philippe H\u00e9droug <\/h5>\t\t\t\t<\/div>\n\t\t\t\t<\/div>\n\t\t\t\t\t<\/div>\n\t\t<\/div>\n\t\t\t\t\t<\/div>\n\t\t<\/section>\n\t\t\t\t<section class=\"elementor-section elementor-top-section elementor-element elementor-element-49b0935 elementor-section-boxed elementor-section-height-default elementor-section-height-default\" data-id=\"49b0935\" data-element_type=\"section\" id=\"menu\">\n\t\t\t\t\t\t\t<div class=\"elementor-background-overlay\"><\/div>\n\t\t\t\t\t\t\t<div class=\"elementor-container elementor-column-gap-no\">\n\t\t\t\t\t<div class=\"elementor-column elementor-col-100 elementor-top-column elementor-element elementor-element-29a99b2\" data-id=\"29a99b2\" data-element_type=\"column\">\n\t\t\t<div class=\"elementor-widget-wrap elementor-element-populated\">\n\t\t\t\t\t\t<div class=\"elementor-element elementor-element-b6b1aae elementor-widget elementor-widget-heading\" data-id=\"b6b1aae\" data-element_type=\"widget\" data-widget_type=\"heading.default\">\n\t\t\t\t<div class=\"elementor-widget-container\">\n\t\t\t\t\t<h2 class=\"elementor-heading-title elementor-size-default\">Nos Sp\u00e9cialit\u00e9s<\/h2>\t\t\t\t<\/div>\n\t\t\t\t<\/div>\n\t\t\t\t<div class=\"elementor-element elementor-element-62bb67f elementor-widget elementor-widget-text-editor\" data-id=\"62bb67f\" data-element_type=\"widget\" data-widget_type=\"text-editor.default\">\n\t\t\t\t<div class=\"elementor-widget-container\">\n\t\t\t\t\t\t\t\t\t<p>Nous pouvons vous fournir tous les articles concernant la philat\u00e9lie, la numismatique et le mat\u00e9riel toutes collections sur simple demande.<\/p>\t\t\t\t\t\t\t\t<\/div>\n\t\t\t\t<\/div>\n\t\t\t\t<div class=\"elementor-element elementor-element-76f76e2 elementor-widget__width-initial elementor-widget-mobile__width-inherit elementor-position-top elementor-widget elementor-widget-image-box\" data-id=\"76f76e2\" data-element_type=\"widget\" data-widget_type=\"image-box.default\">\n\t\t\t\t<div class=\"elementor-widget-container\">\n\t\t\t\t\t<div class=\"elementor-image-box-wrapper\"><figure class=\"elementor-image-box-img\"><a href=\"https:\/\/versailles-philatelie.com\/en\/timbres\/\" tabindex=\"-1\"><img fetchpriority=\"high\" decoding=\"async\" width=\"1200\" height=\"1200\" src=\"https:\/\/versailles-philatelie.com\/wp-content\/uploads\/TIMBRES-pour-page-daccueil-2-1.jpg\" class=\"attachment-full size-full wp-image-1373\" alt=\"TIMBRES pour page d&#039;accueil 2 (1)\" srcset=\"https:\/\/versailles-philatelie.com\/wp-content\/uploads\/TIMBRES-pour-page-daccueil-2-1.jpg 1200w, https:\/\/versailles-philatelie.com\/wp-content\/uploads\/TIMBRES-pour-page-daccueil-2-1-300x300.jpg 300w, https:\/\/versailles-philatelie.com\/wp-content\/uploads\/TIMBRES-pour-page-daccueil-2-1-1024x1024.jpg 1024w, https:\/\/versailles-philatelie.com\/wp-content\/uploads\/TIMBRES-pour-page-daccueil-2-1-150x150.jpg 150w, https:\/\/versailles-philatelie.com\/wp-content\/uploads\/TIMBRES-pour-page-daccueil-2-1-768x768.jpg 768w, https:\/\/versailles-philatelie.com\/wp-content\/uploads\/TIMBRES-pour-page-daccueil-2-1-12x12.jpg 12w, https:\/\/versailles-philatelie.com\/wp-content\/uploads\/TIMBRES-pour-page-daccueil-2-1-230x230.jpg 230w, https:\/\/versailles-philatelie.com\/wp-content\/uploads\/TIMBRES-pour-page-daccueil-2-1-400x400.jpg 400w, https:\/\/versailles-philatelie.com\/wp-content\/uploads\/TIMBRES-pour-page-daccueil-2-1-600x600.jpg 600w, https:\/\/versailles-philatelie.com\/wp-content\/uploads\/TIMBRES-pour-page-daccueil-2-1-640x640.jpg 640w\" sizes=\"(max-width: 1200px) 100vw, 1200px\" \/><\/a><\/figure><div class=\"elementor-image-box-content\"><h4 class=\"elementor-image-box-title\"><a href=\"https:\/\/versailles-philatelie.com\/en\/timbres\/\">Stamps<\/a><\/h4><p class=\"elementor-image-box-description\">Retrouvez nos collections actuelles<\/p><\/div><\/div>\t\t\t\t<\/div>\n\t\t\t\t<\/div>\n\t\t\t\t<div class=\"elementor-element elementor-element-5bef5ab elementor-widget__width-initial elementor-widget-mobile__width-inherit elementor-position-top elementor-widget elementor-widget-image-box\" data-id=\"5bef5ab\" data-element_type=\"widget\" data-widget_type=\"image-box.default\">\n\t\t\t\t<div class=\"elementor-widget-container\">\n\t\t\t\t\t<div class=\"elementor-image-box-wrapper\"><figure class=\"elementor-image-box-img\"><a href=\"https:\/\/versailles-philatelie.com\/en\/monnaies\/\" tabindex=\"-1\"><img decoding=\"async\" width=\"1200\" height=\"1200\" src=\"https:\/\/versailles-philatelie.com\/wp-content\/uploads\/MONNAIE-FRANCOIS.jpg\" class=\"attachment-full size-full wp-image-1059\" alt=\"MONNAIE FRANCOIS\" srcset=\"https:\/\/versailles-philatelie.com\/wp-content\/uploads\/MONNAIE-FRANCOIS.jpg 1200w, https:\/\/versailles-philatelie.com\/wp-content\/uploads\/MONNAIE-FRANCOIS-300x300.jpg 300w, https:\/\/versailles-philatelie.com\/wp-content\/uploads\/MONNAIE-FRANCOIS-1024x1024.jpg 1024w, https:\/\/versailles-philatelie.com\/wp-content\/uploads\/MONNAIE-FRANCOIS-150x150.jpg 150w, https:\/\/versailles-philatelie.com\/wp-content\/uploads\/MONNAIE-FRANCOIS-768x768.jpg 768w, https:\/\/versailles-philatelie.com\/wp-content\/uploads\/MONNAIE-FRANCOIS-12x12.jpg 12w, https:\/\/versailles-philatelie.com\/wp-content\/uploads\/MONNAIE-FRANCOIS-230x230.jpg 230w, https:\/\/versailles-philatelie.com\/wp-content\/uploads\/MONNAIE-FRANCOIS-400x400.jpg 400w, https:\/\/versailles-philatelie.com\/wp-content\/uploads\/MONNAIE-FRANCOIS-600x600.jpg 600w, https:\/\/versailles-philatelie.com\/wp-content\/uploads\/MONNAIE-FRANCOIS-640x640.jpg 640w\" sizes=\"(max-width: 1200px) 100vw, 1200px\" \/><\/a><\/figure><div class=\"elementor-image-box-content\"><h4 class=\"elementor-image-box-title\"><a href=\"https:\/\/versailles-philatelie.com\/en\/monnaies\/\">Coins<\/a><\/h4><p class=\"elementor-image-box-description\">Nos disponibilit\u00e9s du Moment<\/p><\/div><\/div>\t\t\t\t<\/div>\n\t\t\t\t<\/div>\n\t\t\t\t<div class=\"elementor-element elementor-element-1aae953 elementor-widget__width-initial elementor-widget-mobile__width-inherit elementor-position-top elementor-widget elementor-widget-image-box\" data-id=\"1aae953\" data-element_type=\"widget\" data-widget_type=\"image-box.default\">\n\t\t\t\t<div class=\"elementor-widget-container\">\n\t\t\t\t\t<div class=\"elementor-image-box-wrapper\"><figure class=\"elementor-image-box-img\"><a href=\"https:\/\/versailles-philatelie.com\/en\/materiels\/\" tabindex=\"-1\"><img decoding=\"async\" width=\"1200\" height=\"1200\" src=\"https:\/\/versailles-philatelie.com\/wp-content\/uploads\/MATERIEL-YVERT-carre-3.jpg\" class=\"attachment-full size-full wp-image-1201\" alt=\"MATERIEL YVERT carre\" srcset=\"https:\/\/versailles-philatelie.com\/wp-content\/uploads\/MATERIEL-YVERT-carre-3.jpg 1200w, https:\/\/versailles-philatelie.com\/wp-content\/uploads\/MATERIEL-YVERT-carre-3-300x300.jpg 300w, https:\/\/versailles-philatelie.com\/wp-content\/uploads\/MATERIEL-YVERT-carre-3-1024x1024.jpg 1024w, https:\/\/versailles-philatelie.com\/wp-content\/uploads\/MATERIEL-YVERT-carre-3-150x150.jpg 150w, https:\/\/versailles-philatelie.com\/wp-content\/uploads\/MATERIEL-YVERT-carre-3-768x768.jpg 768w, https:\/\/versailles-philatelie.com\/wp-content\/uploads\/MATERIEL-YVERT-carre-3-12x12.jpg 12w, https:\/\/versailles-philatelie.com\/wp-content\/uploads\/MATERIEL-YVERT-carre-3-230x230.jpg 230w, https:\/\/versailles-philatelie.com\/wp-content\/uploads\/MATERIEL-YVERT-carre-3-400x400.jpg 400w, https:\/\/versailles-philatelie.com\/wp-content\/uploads\/MATERIEL-YVERT-carre-3-600x600.jpg 600w, https:\/\/versailles-philatelie.com\/wp-content\/uploads\/MATERIEL-YVERT-carre-3-640x640.jpg 640w\" sizes=\"(max-width: 1200px) 100vw, 1200px\" \/><\/a><\/figure><div class=\"elementor-image-box-content\"><h4 class=\"elementor-image-box-title\"><a href=\"https:\/\/versailles-philatelie.com\/en\/materiels\/\">Material<\/a><\/h4><p class=\"elementor-image-box-description\">Mat\u00e9riel toutes collections<\/p><\/div><\/div>\t\t\t\t<\/div>\n\t\t\t\t<\/div>\n\t\t\t\t<div class=\"elementor-element elementor-element-4938a03 elementor-widget__width-initial elementor-widget-mobile__width-inherit elementor-position-top elementor-widget elementor-widget-image-box\" data-id=\"4938a03\" data-element_type=\"widget\" data-widget_type=\"image-box.default\">\n\t\t\t\t<div class=\"elementor-widget-container\">\n\t\t\t\t\t<div class=\"elementor-image-box-wrapper\"><figure class=\"elementor-image-box-img\"><a href=\"https:\/\/versailles-philatelie.com\/en\/catalogues\/\" tabindex=\"-1\"><img loading=\"lazy\" decoding=\"async\" width=\"1200\" height=\"1262\" src=\"https:\/\/versailles-philatelie.com\/wp-content\/uploads\/LISTE-58P.-EN-TETE.jpg\" class=\"attachment-full size-full wp-image-1057\" alt=\"LISTE 58P. EN TETE\" srcset=\"https:\/\/versailles-philatelie.com\/wp-content\/uploads\/LISTE-58P.-EN-TETE.jpg 1200w, https:\/\/versailles-philatelie.com\/wp-content\/uploads\/LISTE-58P.-EN-TETE-285x300.jpg 285w, https:\/\/versailles-philatelie.com\/wp-content\/uploads\/LISTE-58P.-EN-TETE-974x1024.jpg 974w, https:\/\/versailles-philatelie.com\/wp-content\/uploads\/LISTE-58P.-EN-TETE-768x808.jpg 768w, https:\/\/versailles-philatelie.com\/wp-content\/uploads\/LISTE-58P.-EN-TETE-11x12.jpg 11w, https:\/\/versailles-philatelie.com\/wp-content\/uploads\/LISTE-58P.-EN-TETE-600x631.jpg 600w\" sizes=\"(max-width: 1200px) 100vw, 1200px\" \/><\/a><\/figure><div class=\"elementor-image-box-content\"><h4 class=\"elementor-image-box-title\"><a href=\"https:\/\/versailles-philatelie.com\/en\/catalogues\/\">Catalogs<\/a><\/h4><p class=\"elementor-image-box-description\">Listes Promotionelles en Cours<\/p><\/div><\/div>\t\t\t\t<\/div>\n\t\t\t\t<\/div>\n\t\t\t\t<div class=\"elementor-element elementor-element-c3d5994 elementor-widget__width-initial elementor-widget-mobile__width-inherit elementor-position-top elementor-widget elementor-widget-image-box\" data-id=\"c3d5994\" data-element_type=\"widget\" data-widget_type=\"image-box.default\">\n\t\t\t\t<div class=\"elementor-widget-container\">\n\t\t\t\t\t<div class=\"elementor-image-box-wrapper\"><figure class=\"elementor-image-box-img\"><a href=\"https:\/\/versailles-philatelie.com\/en\/actualites\/\" tabindex=\"-1\"><img loading=\"lazy\" decoding=\"async\" width=\"1200\" height=\"1200\" src=\"https:\/\/versailles-philatelie.com\/wp-content\/uploads\/3m2cqbrqmja.jpg\" class=\"attachment-full size-full wp-image-1210\" alt=\"person reading while holding white ceramic mug\" srcset=\"https:\/\/versailles-philatelie.com\/wp-content\/uploads\/3m2cqbrqmja.jpg 1200w, https:\/\/versailles-philatelie.com\/wp-content\/uploads\/3m2cqbrqmja-300x300.jpg 300w, https:\/\/versailles-philatelie.com\/wp-content\/uploads\/3m2cqbrqmja-1024x1024.jpg 1024w, https:\/\/versailles-philatelie.com\/wp-content\/uploads\/3m2cqbrqmja-150x150.jpg 150w, https:\/\/versailles-philatelie.com\/wp-content\/uploads\/3m2cqbrqmja-768x768.jpg 768w, https:\/\/versailles-philatelie.com\/wp-content\/uploads\/3m2cqbrqmja-12x12.jpg 12w, https:\/\/versailles-philatelie.com\/wp-content\/uploads\/3m2cqbrqmja-230x230.jpg 230w, https:\/\/versailles-philatelie.com\/wp-content\/uploads\/3m2cqbrqmja-400x400.jpg 400w, https:\/\/versailles-philatelie.com\/wp-content\/uploads\/3m2cqbrqmja-600x600.jpg 600w, https:\/\/versailles-philatelie.com\/wp-content\/uploads\/3m2cqbrqmja-640x640.jpg 640w\" sizes=\"(max-width: 1200px) 100vw, 1200px\" \/><\/a><\/figure><div class=\"elementor-image-box-content\"><h4 class=\"elementor-image-box-title\"><a href=\"https:\/\/versailles-philatelie.com\/en\/actualites\/\">News<\/a><\/h4><p class=\"elementor-image-box-description\">Informations<\/p><\/div><\/div>\t\t\t\t<\/div>\n\t\t\t\t<\/div>\n\t\t\t\t<div class=\"elementor-element elementor-element-0cf248b elementor-widget__width-initial elementor-widget-mobile__width-inherit elementor-position-top elementor-widget elementor-widget-image-box\" data-id=\"0cf248b\" data-element_type=\"widget\" data-widget_type=\"image-box.default\">\n\t\t\t\t<div class=\"elementor-widget-container\">\n\t\t\t\t\t<div class=\"elementor-image-box-wrapper\"><figure class=\"elementor-image-box-img\"><a href=\"https:\/\/versailles-philatelie.com\/en\/cat\/evenement\/\" tabindex=\"-1\"><img loading=\"lazy\" decoding=\"async\" width=\"845\" height=\"845\" src=\"https:\/\/versailles-philatelie.com\/wp-content\/uploads\/PHOTO-SALON-LE\u0301QUIPE.jpg\" class=\"attachment-full size-full wp-image-1206\" alt=\"PHOTO SALON L&#039;E\u0301QUIPE\" srcset=\"https:\/\/versailles-philatelie.com\/wp-content\/uploads\/PHOTO-SALON-LE\u0301QUIPE.jpg 845w, https:\/\/versailles-philatelie.com\/wp-content\/uploads\/PHOTO-SALON-LE\u0301QUIPE-300x300.jpg 300w, https:\/\/versailles-philatelie.com\/wp-content\/uploads\/PHOTO-SALON-LE\u0301QUIPE-150x150.jpg 150w, https:\/\/versailles-philatelie.com\/wp-content\/uploads\/PHOTO-SALON-LE\u0301QUIPE-768x768.jpg 768w, https:\/\/versailles-philatelie.com\/wp-content\/uploads\/PHOTO-SALON-LE\u0301QUIPE-12x12.jpg 12w, https:\/\/versailles-philatelie.com\/wp-content\/uploads\/PHOTO-SALON-LE\u0301QUIPE-230x230.jpg 230w, https:\/\/versailles-philatelie.com\/wp-content\/uploads\/PHOTO-SALON-LE\u0301QUIPE-400x400.jpg 400w, https:\/\/versailles-philatelie.com\/wp-content\/uploads\/PHOTO-SALON-LE\u0301QUIPE-600x600.jpg 600w, https:\/\/versailles-philatelie.com\/wp-content\/uploads\/PHOTO-SALON-LE\u0301QUIPE-640x640.jpg 640w\" sizes=\"(max-width: 845px) 100vw, 845px\" \/><\/a><\/figure><div class=\"elementor-image-box-content\"><h4 class=\"elementor-image-box-title\"><a href=\"https:\/\/versailles-philatelie.com\/en\/cat\/evenement\/\">\u00c9v\u00e8nements<\/a><\/h4><p class=\"elementor-image-box-description\">Venez nous rencontrer sur les diff\u00e9rents salons<\/p><\/div><\/div>\t\t\t\t<\/div>\n\t\t\t\t<\/div>\n\t\t\t\t\t<\/div>\n\t\t<\/div>\n\t\t\t\t\t<\/div>\n\t\t<\/section>\n\t\t\t\t<\/div>","protected":false},"excerpt":{"rendered":"<p>Sp\u00e9cialiste du Timbre \u00e0 Versailles Timbres et Monnaies Mat\u00e9riel toutes collections Voir nos promotions \u00c0 propos Sp\u00e9cialiste du Timbre \u00e0 Versailles Nous vous accueillons \u00e0 notre magasin pour tout ce qui concerne les\u00a0:Timbres, Monnaies et Mat\u00e9riel toutes collections.Nous aurons plaisir \u00e0 vous conseiller sur ces diff\u00e9rents sur ces sujets.Nous pourrons \u00e9galement pratiquer des estimations sur [&hellip;]<\/p>","protected":false},"author":2,"featured_media":0,"parent":0,"menu_order":0,"comment_status":"closed","ping_status":"closed","template":"","meta":{"slim_seo":{"title":"Versailles Philat\u00e9lie - Sp\u00e9cialiste du Timbre \u00e0 Versailles","description":"Sp\u00e9cialiste du Timbre \u00e0 Versailles Timbres et Monnaies Mat\u00e9riel toutes collections Voir nos promotions \u00c0 propos Sp\u00e9cialiste du Timbre \u00e0 Versailles Nous vous acc"},"iawp_total_views":4154,"footnotes":""},"class_list":["post-130","page","type-page","status-publish","hentry"],"_links":{"self":[{"href":"https:\/\/versailles-philatelie.com\/en\/wp-json\/wp\/v2\/pages\/130","targetHints":{"allow":["GET"]}}],"collection":[{"href":"https:\/\/versailles-philatelie.com\/en\/wp-json\/wp\/v2\/pages"}],"about":[{"href":"https:\/\/versailles-philatelie.com\/en\/wp-json\/wp\/v2\/types\/page"}],"author":[{"embeddable":true,"href":"https:\/\/versailles-philatelie.com\/en\/wp-json\/wp\/v2\/users\/2"}],"replies":[{"embeddable":true,"href":"https:\/\/versailles-philatelie.com\/en\/wp-json\/wp\/v2\/comments?post=130"}],"version-history":[{"count":3,"href":"https:\/\/versailles-philatelie.com\/en\/wp-json\/wp\/v2\/pages\/130\/revisions"}],"predecessor-version":[{"id":2079,"href":"https:\/\/versailles-philatelie.com\/en\/wp-json\/wp\/v2\/pages\/130\/revisions\/2079"}],"wp:attachment":[{"href":"https:\/\/versailles-philatelie.com\/en\/wp-json\/wp\/v2\/media?parent=130"}],"curies":[{"name":"wp","href":"https:\/\/api.w.org\/{rel}","templated":true}]}}