{"id":43,"date":"2022-01-25T11:54:14","date_gmt":"2022-01-25T10:54:14","guid":{"rendered":"https:\/\/versailles-philatelie.rd4u.net\/?page_id=43"},"modified":"2022-04-20T17:10:03","modified_gmt":"2022-04-20T15:10:03","slug":"materiels","status":"publish","type":"page","link":"https:\/\/versailles-philatelie.com\/en\/materiels\/","title":{"rendered":"Materials"},"content":{"rendered":"<div data-elementor-type=\"wp-page\" data-elementor-id=\"43\" class=\"elementor elementor-43\" data-elementor-post-type=\"page\">\n\t\t\t\t\t\t<section class=\"elementor-section elementor-top-section elementor-element elementor-element-a267bd0 elementor-section-boxed elementor-section-height-default elementor-section-height-default\" data-id=\"a267bd0\" data-element_type=\"section\" data-settings=\"{&quot;background_background&quot;:&quot;classic&quot;}\">\n\t\t\t\t\t\t\t<div class=\"elementor-background-overlay\"><\/div>\n\t\t\t\t\t\t\t<div class=\"elementor-container elementor-column-gap-no\">\n\t\t\t\t\t<div class=\"elementor-column elementor-col-100 elementor-top-column elementor-element elementor-element-46fb001\" data-id=\"46fb001\" data-element_type=\"column\">\n\t\t\t<div class=\"elementor-widget-wrap elementor-element-populated\">\n\t\t\t\t\t\t<div class=\"elementor-element elementor-element-ebd1381 elementor-widget-divider--view-line_text elementor-widget-divider--element-align-right elementor-widget elementor-widget-divider\" data-id=\"ebd1381\" data-element_type=\"widget\" data-widget_type=\"divider.default\">\n\t\t\t\t<div class=\"elementor-widget-container\">\n\t\t\t\t\t\t\t<div class=\"elementor-divider\">\n\t\t\t<span class=\"elementor-divider-separator\">\n\t\t\t\t\t\t\t<h6 class=\"elementor-divider__text elementor-divider__element\">\n\t\t\t\tStamp specialist in Versailles\t\t\t\t<\/h6>\n\t\t\t\t\t\t<\/span>\n\t\t<\/div>\n\t\t\t\t\t\t<\/div>\n\t\t\t\t<\/div>\n\t\t\t\t\t<\/div>\n\t\t<\/div>\n\t\t\t\t\t<\/div>\n\t\t<\/section>\n\t\t\t\t<section class=\"elementor-section elementor-top-section elementor-element elementor-element-14d2932a elementor-section-full_width elementor-section-height-default elementor-section-height-default\" data-id=\"14d2932a\" data-element_type=\"section\">\n\t\t\t\t\t\t<div class=\"elementor-container elementor-column-gap-extended\">\n\t\t\t\t\t<div class=\"elementor-column elementor-col-50 elementor-top-column elementor-element elementor-element-3d471a88\" data-id=\"3d471a88\" data-element_type=\"column\">\n\t\t\t<div class=\"elementor-widget-wrap elementor-element-populated\">\n\t\t\t\t\t\t<section class=\"elementor-section elementor-inner-section elementor-element elementor-element-1e4b4003 elementor-section-boxed elementor-section-height-default elementor-section-height-default\" data-id=\"1e4b4003\" data-element_type=\"section\">\n\t\t\t\t\t\t<div class=\"elementor-container elementor-column-gap-default\">\n\t\t\t\t\t<div class=\"elementor-column elementor-col-50 elementor-inner-column elementor-element elementor-element-2aeb2451\" data-id=\"2aeb2451\" data-element_type=\"column\">\n\t\t\t<div class=\"elementor-widget-wrap elementor-element-populated\">\n\t\t\t\t\t\t<div class=\"elementor-element elementor-element-cbf25af elementor-widget elementor-widget-spacer\" data-id=\"cbf25af\" data-element_type=\"widget\" data-widget_type=\"spacer.default\">\n\t\t\t\t<div class=\"elementor-widget-container\">\n\t\t\t\t\t\t\t<div class=\"elementor-spacer\">\n\t\t\t<div class=\"elementor-spacer-inner\"><\/div>\n\t\t<\/div>\n\t\t\t\t\t\t<\/div>\n\t\t\t\t<\/div>\n\t\t\t\t<div class=\"elementor-element elementor-element-61d48489 elementor-widget-divider--view-line elementor-widget elementor-widget-divider\" data-id=\"61d48489\" data-element_type=\"widget\" data-widget_type=\"divider.default\">\n\t\t\t\t<div class=\"elementor-widget-container\">\n\t\t\t\t\t\t\t<div class=\"elementor-divider\">\n\t\t\t<span class=\"elementor-divider-separator\">\n\t\t\t\t\t\t<\/span>\n\t\t<\/div>\n\t\t\t\t\t\t<\/div>\n\t\t\t\t<\/div>\n\t\t\t\t\t<\/div>\n\t\t<\/div>\n\t\t\t\t<div class=\"elementor-column elementor-col-50 elementor-inner-column elementor-element elementor-element-5c80abf5\" data-id=\"5c80abf5\" data-element_type=\"column\">\n\t\t\t<div class=\"elementor-widget-wrap elementor-element-populated\">\n\t\t\t\t\t\t<div class=\"elementor-element elementor-element-70a3a041 elementor-widget elementor-widget-heading\" data-id=\"70a3a041\" data-element_type=\"widget\" data-widget_type=\"heading.default\">\n\t\t\t\t<div class=\"elementor-widget-container\">\n\t\t\t\t\t<h2 class=\"elementor-heading-title elementor-size-default\">Nos marques disponibles<\/h2>\t\t\t\t<\/div>\n\t\t\t\t<\/div>\n\t\t\t\t<div class=\"elementor-element elementor-element-547ac622 elementor-widget elementor-widget-text-editor\" data-id=\"547ac622\" data-element_type=\"widget\" data-widget_type=\"text-editor.default\">\n\t\t\t\t<div class=\"elementor-widget-container\">\n\t\t\t\t\t\t\t\t\t<p>Nous sommes d\u00e9positaire de la marque<br \/><strong>\u00ab\u00a0Yvert et Tellier\u00a0\u00bb<\/strong> pour laquelle nous avons la majorit\u00e9 des articles en stock.<\/p>\t\t\t\t\t\t\t\t<\/div>\n\t\t\t\t<\/div>\n\t\t\t\t<div class=\"elementor-element elementor-element-78588396 elementor-widget elementor-widget-text-editor\" data-id=\"78588396\" data-element_type=\"widget\" data-widget_type=\"text-editor.default\">\n\t\t\t\t<div class=\"elementor-widget-container\">\n\t\t\t\t\t\t\t\t\t<p>Nous pouvons \u00e9galement vous fournir les articles des autres marques :<\/p>\t\t\t\t\t\t\t\t<\/div>\n\t\t\t\t<\/div>\n\t\t\t\t<div class=\"elementor-element elementor-element-5e89ea16 elementor-icon-list--layout-traditional elementor-list-item-link-full_width elementor-widget elementor-widget-icon-list\" data-id=\"5e89ea16\" data-element_type=\"widget\" data-widget_type=\"icon-list.default\">\n\t\t\t\t<div class=\"elementor-widget-container\">\n\t\t\t\t\t\t\t<ul class=\"elementor-icon-list-items\">\n\t\t\t\t\t\t\t<li class=\"elementor-icon-list-item\">\n\t\t\t\t\t\t\t\t\t\t\t<span class=\"elementor-icon-list-icon\">\n\t\t\t\t\t\t\t<i aria-hidden=\"true\" class=\"fas fa-circle\"><\/i>\t\t\t\t\t\t<\/span>\n\t\t\t\t\t\t\t\t\t\t<span class=\"elementor-icon-list-text\">Leuchturm - Safe - Lindner - Davo - C\u00e9r\u00e8s - Moc<\/span>\n\t\t\t\t\t\t\t\t\t<\/li>\n\t\t\t\t\t\t\t\t<li class=\"elementor-icon-list-item\">\n\t\t\t\t\t\t\t\t\t\t<span class=\"elementor-icon-list-text\">ces marques sont disponibles uniquement sur commande.<\/span>\n\t\t\t\t\t\t\t\t\t<\/li>\n\t\t\t\t\t\t<\/ul>\n\t\t\t\t\t\t<\/div>\n\t\t\t\t<\/div>\n\t\t\t\t\t<\/div>\n\t\t<\/div>\n\t\t\t\t\t<\/div>\n\t\t<\/section>\n\t\t\t\t\t<\/div>\n\t\t<\/div>\n\t\t\t\t<div class=\"elementor-column elementor-col-50 elementor-top-column elementor-element elementor-element-2f403bd5\" data-id=\"2f403bd5\" data-element_type=\"column\">\n\t\t\t<div class=\"elementor-widget-wrap elementor-element-populated\">\n\t\t\t\t\t\t<div class=\"elementor-element elementor-element-6c27d96c elementor-widget elementor-widget-image\" data-id=\"6c27d96c\" data-element_type=\"widget\" data-widget_type=\"image.default\">\n\t\t\t\t<div class=\"elementor-widget-container\">\n\t\t\t\t\t\t\t\t\t\t\t\t\t\t\t<img fetchpriority=\"high\" decoding=\"async\" width=\"1200\" height=\"1200\" src=\"https:\/\/versailles-philatelie.com\/wp-content\/uploads\/MATERIEL-YVERT-carre-3.jpg\" class=\"attachment-full size-full wp-image-1201\" alt=\"MATERIEL YVERT carre\" srcset=\"https:\/\/versailles-philatelie.com\/wp-content\/uploads\/MATERIEL-YVERT-carre-3.jpg 1200w, https:\/\/versailles-philatelie.com\/wp-content\/uploads\/MATERIEL-YVERT-carre-3-300x300.jpg 300w, https:\/\/versailles-philatelie.com\/wp-content\/uploads\/MATERIEL-YVERT-carre-3-1024x1024.jpg 1024w, https:\/\/versailles-philatelie.com\/wp-content\/uploads\/MATERIEL-YVERT-carre-3-150x150.jpg 150w, https:\/\/versailles-philatelie.com\/wp-content\/uploads\/MATERIEL-YVERT-carre-3-768x768.jpg 768w, https:\/\/versailles-philatelie.com\/wp-content\/uploads\/MATERIEL-YVERT-carre-3-12x12.jpg 12w, https:\/\/versailles-philatelie.com\/wp-content\/uploads\/MATERIEL-YVERT-carre-3-230x230.jpg 230w, https:\/\/versailles-philatelie.com\/wp-content\/uploads\/MATERIEL-YVERT-carre-3-400x400.jpg 400w, https:\/\/versailles-philatelie.com\/wp-content\/uploads\/MATERIEL-YVERT-carre-3-600x600.jpg 600w, https:\/\/versailles-philatelie.com\/wp-content\/uploads\/MATERIEL-YVERT-carre-3-640x640.jpg 640w\" sizes=\"(max-width: 1200px) 100vw, 1200px\" \/>\t\t\t\t\t\t\t\t\t\t\t\t\t\t\t<\/div>\n\t\t\t\t<\/div>\n\t\t\t\t<div class=\"elementor-element elementor-element-5f29ee6a elementor-widget elementor-widget-heading\" data-id=\"5f29ee6a\" data-element_type=\"widget\" data-widget_type=\"heading.default\">\n\t\t\t\t<div class=\"elementor-widget-container\">\n\t\t\t\t\t<span class=\"elementor-heading-title elementor-size-default\">Material<\/span>\t\t\t\t<\/div>\n\t\t\t\t<\/div>\n\t\t\t\t\t<\/div>\n\t\t<\/div>\n\t\t\t\t\t<\/div>\n\t\t<\/section>\n\t\t\t\t<\/div>","protected":false},"excerpt":{"rendered":"<p>Sp\u00e9cialiste du Timbre \u00e0 Versailles Nos marques disponibles Nous sommes d\u00e9positaire de la marque\u00ab\u00a0Yvert et Tellier\u00a0\u00bb pour laquelle nous avons la majorit\u00e9 des articles en stock. Nous pouvons \u00e9galement vous fournir les articles des autres marques : Leuchturm &#8211; Safe &#8211; Lindner &#8211; Davo &#8211; C\u00e9r\u00e8s &#8211; Moc ces marques sont disponibles uniquement sur commande. [&hellip;]<\/p>","protected":false},"author":2,"featured_media":0,"parent":0,"menu_order":0,"comment_status":"closed","ping_status":"closed","template":"","meta":{"slim_seo":{"title":"Mat\u00e9riels - Versailles Philat\u00e9lie","description":"Sp\u00e9cialiste du Timbre \u00e0 Versailles Nos marques disponibles Nous sommes d\u00e9positaire de la marque \"Yvert et Tellier\" pour laquelle nous avons la majorit\u00e9 des arti"},"iawp_total_views":277,"footnotes":""},"class_list":["post-43","page","type-page","status-publish","hentry"],"_links":{"self":[{"href":"https:\/\/versailles-philatelie.com\/en\/wp-json\/wp\/v2\/pages\/43","targetHints":{"allow":["GET"]}}],"collection":[{"href":"https:\/\/versailles-philatelie.com\/en\/wp-json\/wp\/v2\/pages"}],"about":[{"href":"https:\/\/versailles-philatelie.com\/en\/wp-json\/wp\/v2\/types\/page"}],"author":[{"embeddable":true,"href":"https:\/\/versailles-philatelie.com\/en\/wp-json\/wp\/v2\/users\/2"}],"replies":[{"embeddable":true,"href":"https:\/\/versailles-philatelie.com\/en\/wp-json\/wp\/v2\/comments?post=43"}],"version-history":[{"count":0,"href":"https:\/\/versailles-philatelie.com\/en\/wp-json\/wp\/v2\/pages\/43\/revisions"}],"wp:attachment":[{"href":"https:\/\/versailles-philatelie.com\/en\/wp-json\/wp\/v2\/media?parent=43"}],"curies":[{"name":"wp","href":"https:\/\/api.w.org\/{rel}","templated":true}]}}